{"id":171,"date":"2019-06-09T13:35:41","date_gmt":"2019-06-09T13:35:41","guid":{"rendered":"http:\/\/drogadozdrowia.co.uk\/?page_id=171"},"modified":"2023-07-01T07:54:50","modified_gmt":"2023-07-01T07:54:50","slug":"wywiad-ewa-szczesny","status":"publish","type":"page","link":"https:\/\/drogadozdrowia.co.uk\/index.php\/wywiad-ewa-szczesny\/","title":{"rendered":"Wywiad Ewa Szcz\u0119sny"},"content":{"rendered":"<p>[et_pb_section fb_built=&#8221;1&#8243; admin_label=&#8221;Feature&#8221; _builder_version=&#8221;4.16&#8243; background_color=&#8221;#345168&#8243; use_background_color_gradient=&#8221;on&#8221; background_color_gradient_type=&#8221;circular&#8221; background_color_gradient_stops=&#8221;#000000 5%|rgba(30,0,27,0) 100%&#8221; background_color_gradient_overlays_image=&#8221;on&#8221; background_color_gradient_start=&#8221;#000000&#8243; background_color_gradient_start_position=&#8221;5%&#8221; background_color_gradient_end=&#8221;rgba(30,0,27,0)&#8221; background_image=&#8221;http:\/\/drogadozdrowia.co.uk\/wp-content\/uploads\/2019\/06\/orchid-2115262_1920.jpg&#8221; custom_padding=&#8221;2.2%||4.4%||false|false&#8221; bottom_divider_color=&#8221;#e09900&#8243; bottom_divider_flip=&#8221;horizontal&#8221; global_colors_info=&#8221;{}&#8221;][et_pb_row column_structure=&#8221;1_2,1_2&#8243; _builder_version=&#8221;4.16&#8243; max_width=&#8221;1280px&#8221; animation_direction=&#8221;bottom&#8221; use_custom_width=&#8221;on&#8221; custom_width_px=&#8221;1280px&#8221; global_colors_info=&#8221;{}&#8221;][et_pb_column type=&#8221;1_2&#8243; _builder_version=&#8221;4.16&#8243; custom_padding=&#8221;|||&#8221; global_colors_info=&#8221;{}&#8221; custom_padding__hover=&#8221;|||&#8221;][et_pb_image src=&#8221;http:\/\/drogadozdrowia.co.uk\/wp-content\/uploads\/2019\/06\/ewa-wywiad.jpg&#8221; title_text=&#8221;ewa wywiad&#8221; url=&#8221;https:\/\/drive.google.com\/file\/d\/1yidp3hLqCP1NdL94ZQR_wZ_e8xKWaMXG\/view?usp=sharing&#8221; url_new_window=&#8221;on&#8221; _builder_version=&#8221;4.21.0&#8243; _module_preset=&#8221;default&#8221; global_colors_info=&#8221;{}&#8221;][\/et_pb_image][\/et_pb_column][et_pb_column type=&#8221;1_2&#8243; _builder_version=&#8221;4.16&#8243; custom_padding=&#8221;10%|||&#8221; global_colors_info=&#8221;{}&#8221; custom_padding__hover=&#8221;|||&#8221;][et_pb_text _builder_version=&#8221;4.16&#8243; text_font=&#8221;Montserrat|300|||||||&#8221; text_text_color=&#8221;#ffffff&#8221; text_font_size=&#8221;20px&#8221; text_line_height=&#8221;1.6em&#8221; header_font=&#8221;Montserrat||||||||&#8221; header_line_height=&#8221;1.5em&#8221; text_font_size_tablet=&#8221;&#8221; text_font_size_phone=&#8221;15px&#8221; text_font_size_last_edited=&#8221;on|phone&#8221; text_line_height_tablet=&#8221;&#8221; text_line_height_phone=&#8221;1.5em&#8221; text_line_height_last_edited=&#8221;on|desktop&#8221; header_font_size_tablet=&#8221;&#8221; header_font_size_phone=&#8221;24px&#8221; header_font_size_last_edited=&#8221;on|desktop&#8221; header_line_height_tablet=&#8221;&#8221; header_line_height_phone=&#8221;&#8221; header_line_height_last_edited=&#8221;on|desktop&#8221; global_colors_info=&#8221;{}&#8221;]<\/p>\n<h1><span style=\"color: #ffffff;\"><strong>Ewa Skocze\u0144 &#8211; Szcz\u0119sny\u00a0<\/strong><\/span><\/h1>\n<p><span>Analityk klinicysta, lekarz medycyny chi\u0144skiej\u00a0 z ponad 25 letnim do\u015bwiadczeniem,<\/span><br \/> <span>specjalizuj\u0105ca si\u0119 w medycynie naturalnej oraz\u00a0kompleksowych badaniach stanu zdrowia.<\/span><\/p>\n<p>[\/et_pb_text][et_pb_button button_url=&#8221;https:\/\/drive.google.com\/file\/d\/1yidp3hLqCP1NdL94ZQR_wZ_e8xKWaMXG\/view?usp=sharing&#8221; url_new_window=&#8221;on&#8221; button_text=&#8221;Zobacz Wywiad&#8221; _builder_version=&#8221;4.21.0&#8243; _module_preset=&#8221;default&#8221; custom_button=&#8221;on&#8221; button_text_color=&#8221;#FFFFFF&#8221; button_bg_use_color_gradient=&#8221;on&#8221; global_colors_info=&#8221;{}&#8221;][\/et_pb_button][\/et_pb_column][\/et_pb_row][\/et_pb_section][et_pb_section fb_built=&#8221;1&#8243; next_background_color=&#8221;#ffffff&#8221; admin_label=&#8221;Free Coaching Resources&#8221; _builder_version=&#8221;4.16&#8243; background_color=&#8221;#ffffff&#8221; use_background_color_gradient=&#8221;on&#8221; background_color_gradient_direction=&#8221;5deg&#8221; background_color_gradient_stops=&#8221;#ffffff 0%|#f5f5f5 100%&#8221; background_color_gradient_start=&#8221;#ffffff&#8221; background_color_gradient_end=&#8221;#f5f5f5&#8243; custom_padding=&#8221;0|0px|0|0px|false|false&#8221; bottom_divider_style=&#8221;slant&#8221; bottom_divider_flip=&#8221;horizontal&#8221; bottom_divider_arrangement=&#8221;above_content&#8221; global_colors_info=&#8221;{}&#8221;][et_pb_row _builder_version=&#8221;4.16&#8243; custom_padding=&#8221;33px|0px|7px|0px|false|false&#8221; global_colors_info=&#8221;{}&#8221;][et_pb_column type=&#8221;4_4&#8243; _builder_version=&#8221;4.16&#8243; custom_padding=&#8221;|||&#8221; global_colors_info=&#8221;{}&#8221; custom_padding__hover=&#8221;|||&#8221;][et_pb_text admin_label=&#8221;Title&#8221; _builder_version=&#8221;4.16&#8243; text_font=&#8221;Montserrat|500|||||||&#8221; text_font_size=&#8221;32px&#8221; text_line_height=&#8221;1.8em&#8221; link_font=&#8221;||||||||&#8221; ul_font=&#8221;||||||||&#8221; ol_font=&#8221;||||||||&#8221; quote_font=&#8221;||||||||&#8221; header_font=&#8221;||||||||&#8221; header_2_font=&#8221;Lato|700|||||||&#8221; header_2_font_size=&#8221;40px&#8221; header_2_letter_spacing=&#8221;1px&#8221; header_2_line_height=&#8221;1.5em&#8221; header_3_font=&#8221;||||||||&#8221; header_4_font=&#8221;||||||||&#8221; header_5_font=&#8221;||||||||&#8221; header_6_font=&#8221;Lato|700|||||||&#8221; header_6_font_size=&#8221;18px&#8221; header_6_letter_spacing=&#8221;1px&#8221; header_6_line_height=&#8221;1.8em&#8221; text_orientation=&#8221;center&#8221; text_font_size_tablet=&#8221;&#8221; text_font_size_phone=&#8221;24px&#8221; text_font_size_last_edited=&#8221;on|phone&#8221; header_2_font_size_tablet=&#8221;&#8221; header_2_font_size_phone=&#8221;22px&#8221; header_2_font_size_last_edited=&#8221;on|phone&#8221; global_colors_info=&#8221;{}&#8221;]<\/p>\n<p>W\u0105tki wywiadu:<\/p>\n<p>[\/et_pb_text][\/et_pb_column][\/et_pb_row][et_pb_row column_structure=&#8221;1_3,1_3,1_3&#8243; use_custom_gutter=&#8221;on&#8221; gutter_width=&#8221;1&#8243; make_equal=&#8221;on&#8221; custom_padding_last_edited=&#8221;on|desktop&#8221; padding_top_bottom_link_1=&#8221;false&#8221; padding_top_bottom_link_2=&#8221;false&#8221; padding_top_bottom_link_3=&#8221;false&#8221; padding_top_bottom_link_4=&#8221;false&#8221; padding_left_right_link_1=&#8221;true&#8221; padding_left_right_link_2=&#8221;true&#8221; padding_left_right_link_3=&#8221;true&#8221; padding_left_right_link_4=&#8221;true&#8221; _builder_version=&#8221;4.16&#8243; width=&#8221;77%&#8221; max_width=&#8221;77%&#8221; custom_margin=&#8221;-48px||&#8221; custom_padding=&#8221;8px|0px|8px|0px|true|false&#8221; custom_padding_tablet=&#8221;&#8221; custom_padding_phone=&#8221;0px|0px|0||false|false&#8221; use_custom_width=&#8221;on&#8221; width_unit=&#8221;off&#8221; custom_width_percent=&#8221;77%&#8221; locked=&#8221;off&#8221; global_colors_info=&#8221;{}&#8221;][et_pb_column type=&#8221;1_3&#8243; _builder_version=&#8221;4.16&#8243; background_color=&#8221;#f2f2f2&#8243; custom_padding=&#8221;30px|30px|150px|30px&#8221; custom_padding_tablet=&#8221;||30px|&#8221; custom_padding_phone=&#8221;50px||50px||true&#8221; custom_padding_last_edited=&#8221;on|tablet&#8221; global_colors_info=&#8221;{}&#8221; custom_padding__hover=&#8221;|||&#8221;][et_pb_text _builder_version=&#8221;4.16&#8243; custom_margin_tablet=&#8221;&#8221; custom_margin_phone=&#8221;-30px||&#8221; custom_margin_last_edited=&#8221;on|desktop&#8221; global_colors_info=&#8221;{}&#8221;]<\/p>\n<ul>\n<li>wyj\u015bcie z choroby<\/li>\n<li>szkodliwo\u015b\u0107 medycyny farmakologicznej<\/li>\n<li>chemioterapia nie jest dla chemio-terapeut\u00f3w<\/li>\n<li>czy takie us\u0142ugi powinny by\u0107 bezp\u0142atne<\/li>\n<li>diagnostyka kiedy\u015b, a obecnie<\/li>\n<li>choroba na poziomie kom\u00f3rkowym<\/li>\n<li>organizm oczyszcza si\u0119 z antybiotyk\u00f3w 23 lata<\/li>\n<li>coraz wi\u0119cej rodzic\u00f3w zdobywa w\u0142a\u015bciwe<\/li>\n<li>informacje o szczepieniach<\/li>\n<li>powik\u0142ania poszczepienne, czyli o szkodliwo\u015bci szczepionek<\/li>\n<li>ruch STOP-NOP<\/li>\n<li>na czym powinno polega\u0107 dzia\u0142anie szczepionki<\/li>\n<li>gdzie jest uk\u0142ad odporno\u015bciowy<\/li>\n<\/ul>\n<p>[\/et_pb_text][\/et_pb_column][et_pb_column type=&#8221;1_3&#8243; _builder_version=&#8221;4.16&#8243; background_color=&#8221;#f7f7f7&#8243; custom_padding=&#8221;30px|30px|150px|30px&#8221; custom_padding_tablet=&#8221;||30px|&#8221; custom_padding_phone=&#8221;&#8221; custom_padding_last_edited=&#8221;on|tablet&#8221; global_colors_info=&#8221;{}&#8221; custom_padding__hover=&#8221;|||&#8221;][et_pb_text _builder_version=&#8221;4.16&#8243; global_colors_info=&#8221;{}&#8221;]<\/p>\n<ul>\n<li>urz\u0105dzenie do diagnostyki ca\u0142o\u015bciowej<\/li>\n<li>terapia Mora<\/li>\n<li>leczenie na\u0142og\u00f3w<\/li>\n<li>czym jest rak<\/li>\n<li>ksi\u0105\u017cki Olgi Jelisiejewej<\/li>\n<li>oczyszczanie organizmu jest potrzebne<\/li>\n<li>w\u0105troba nie potrafi wyczy\u015bci\u0107<\/li>\n<li>konserwant\u00f3w z jedzenia<\/li>\n<li>analizy starych analiz i prognozy chorobowe<\/li>\n<li>jedzenie zgodne z grup\u0105 krwi \u2013 \u201eJedz zgodnie ze swoj\u0105 grup\u0105 krwi\u201d Petera J. D\u2019Adamo<\/li>\n<li>\u017cywno\u015b\u0107 GMO zmienia geny<\/li>\n<li>dieta dr Kwa\u015bniewskiego jest tylko dla grupy 0 i B<\/li>\n<\/ul>\n<p>[\/et_pb_text][\/et_pb_column][et_pb_column type=&#8221;1_3&#8243; _builder_version=&#8221;4.16&#8243; background_color=&#8221;#fcfcfc&#8221; custom_padding=&#8221;30px|30px|150px|30px&#8221; custom_padding_tablet=&#8221;&#8221; custom_padding_phone=&#8221;&#8221; custom_padding_last_edited=&#8221;on|tablet&#8221; global_colors_info=&#8221;{}&#8221; custom_padding__hover=&#8221;|||&#8221;][et_pb_text _builder_version=&#8221;4.16&#8243; global_colors_info=&#8221;{}&#8221;]<\/p>\n<ul>\n<li>lektury obowi\u0105zkowe \u015bwiadomego pacjenta:<br \/>\u2013 Ukryte terapie<br \/>\u2013 Od lekarza do grabarza<br \/>\u2013 \u017byj zgodnie ze swoj\u0105 grup\u0105 krwi<br \/>\u2013 Skutek uboczny \u015bmier\u0107<br \/>\u2013 Metody oczyszczania i regeneracji organizmu<\/li>\n<li>aluminium, parabeny i inne trucizny w kosmetykach<\/li>\n<li>leczenie kana\u0142owe z\u0119b\u00f3w<\/li>\n<li>ANRY dr Anatola Rybczy\u0144skiego<\/li>\n<li>detoksykacja st\u00f3p<\/li>\n<li>stymulator energii chi<\/li>\n<li>wykorzystanie ozonatora do odka\u017cania i oczyszczania wody i \u017cywno\u015bci<\/li>\n<li>ADR do zabezpieczenia przed promieniowaniem<\/li>\n<li>k\u0142amstwa zwi\u0105zane z cholesterolem<\/li>\n<\/ul>\n<p>[\/et_pb_text][\/et_pb_column][\/et_pb_row][\/et_pb_section][et_pb_section fb_built=&#8221;1&#8243; _builder_version=&#8221;4.16&#8243; custom_padding=&#8221;54px|0px|6px|0px|false|false&#8221; global_colors_info=&#8221;{}&#8221;][et_pb_row _builder_version=&#8221;4.16&#8243; custom_padding=&#8221;0|0px|0|0px|false|false&#8221; global_colors_info=&#8221;{}&#8221;][et_pb_column type=&#8221;4_4&#8243; _builder_version=&#8221;4.16&#8243; custom_padding=&#8221;|||&#8221; global_colors_info=&#8221;{}&#8221; custom_padding__hover=&#8221;|||&#8221;][et_pb_text admin_label=&#8221;Title&#8221; _builder_version=&#8221;4.16&#8243; text_font=&#8221;Montserrat|500|||||||&#8221; text_font_size=&#8221;32px&#8221; text_line_height=&#8221;1.8em&#8221; link_font=&#8221;||||||||&#8221; ul_font=&#8221;||||||||&#8221; ol_font=&#8221;||||||||&#8221; quote_font=&#8221;||||||||&#8221; header_font=&#8221;||||||||&#8221; header_2_font=&#8221;Lato|700|||||||&#8221; header_2_font_size=&#8221;40px&#8221; header_2_letter_spacing=&#8221;1px&#8221; header_2_line_height=&#8221;1.5em&#8221; header_3_font=&#8221;||||||||&#8221; header_4_font=&#8221;||||||||&#8221; header_5_font=&#8221;||||||||&#8221; header_6_font=&#8221;Lato|700|||||||&#8221; header_6_font_size=&#8221;18px&#8221; header_6_letter_spacing=&#8221;1px&#8221; header_6_line_height=&#8221;1.8em&#8221; text_orientation=&#8221;center&#8221; text_font_size_tablet=&#8221;&#8221; text_font_size_phone=&#8221;24px&#8221; text_font_size_last_edited=&#8221;on|phone&#8221; header_2_font_size_tablet=&#8221;&#8221; header_2_font_size_phone=&#8221;22px&#8221; header_2_font_size_last_edited=&#8221;on|phone&#8221; global_colors_info=&#8221;{}&#8221;]<\/p>\n<p>Cz\u0119\u015b\u0107 wypowiedzi pod wywiadem Pani Ewy<\/p>\n<p>[\/et_pb_text][\/et_pb_column][\/et_pb_row][\/et_pb_section][et_pb_section fb_built=&#8221;1&#8243; _builder_version=&#8221;4.16&#8243; global_colors_info=&#8221;{}&#8221;][et_pb_row column_structure=&#8221;1_3,1_3,1_3&#8243; _builder_version=&#8221;4.16&#8243; custom_padding=&#8221;0|0px|0|0px|false|false&#8221; global_colors_info=&#8221;{}&#8221;][et_pb_column type=&#8221;1_3&#8243; _builder_version=&#8221;4.16&#8243; custom_padding=&#8221;|||&#8221; global_colors_info=&#8221;{}&#8221; custom_padding__hover=&#8221;|||&#8221;][et_pb_testimonial author=&#8221;Krystyna&#8221; _builder_version=&#8221;4.16&#8243; child_mix_blend_mode=&#8221;darken&#8221; border_style_all_portrait=&#8221;dashed&#8221; global_colors_info=&#8221;{}&#8221;]<\/p>\n<p>Kompetentna osoba, szczeg\u00f3lnie jako analityk klinicysta. Bardzo polecam wys\u0142uchanie audycji od pocz\u0105tku do ko\u0144ca, ka\u017cdy mo\u017ce znale\u017a\u0107 cenne informacje dla siebie, co nie znaczy, \u017ce mam na my\u015bli wszystkie informacje s\u0105 idealne dla ka\u017cdego. Wa\u017cne, \u017ceby wiedzie\u0107 \u2013 ka\u017cdy jest inny, tak jak nie ma dw\u00f3ch identycznych linii papilarnych, dw\u00f3ch identycznych listk\u00f3w na drzewie, tak nie istnieje jedna metoda, czy dieta idealna dla ka\u017cdego na dany moment \u017cycia.<br \/>Zabrak\u0142o mi informacji w poruszonym temacie \u2018z\u0119by- leczenie kana\u0142owe\u2019. Mianowicie, ciekawa jestem, m\u00f3wi\u0105c prosto \u2013 co Pani Ewa sugeruje wstawi\u0107 w miejsce wyrwanego z\u0119ba\/z\u0119b\u00f3w?<br \/> Dzi\u0119kuj\u0119 za audycj\u0119, bardzo dobrze si\u0119 s\u0142ucha, mn\u00f3stwo praktycznej wiedzy do przemy\u015blenia i wcielania w \u017cycie.<\/p>\n<p>[\/et_pb_testimonial][et_pb_testimonial author=&#8221;Ewa&#8221; _builder_version=&#8221;4.16&#8243; child_mix_blend_mode=&#8221;darken&#8221; border_style_all_portrait=&#8221;dashed&#8221; global_colors_info=&#8221;{}&#8221;]<\/p>\n<p>Witam, o p. Ewie dowiedzia\u0142am si\u0119 od mojej wsp\u00f3\u0142towarzyszki mojej choroby, przyje\u017cd\u017cam do niej od wiosny tego roku, moja kole\u017canka zawdzi\u0119cza jej b. du\u017co &#8211; ja gdy zobaczy\u0142am efekty jej kuracji zmiany \u017cycia od\u017cywiania si\u0119 postanowi\u0142am i\u015b\u0107 jej \u015bladami. Od marca widz\u0119 b. du\u017c\u0105 popraw\u0119 nie tylko w swoim samopoczuciu ale ma to konkretne prze\u0142o\u017cenie na moje wyniki-poprawa ogromna. Nie powiem \u017ce jest \u0142atwo zmieni\u0107 swoje \u017cycie i nawyki ale staram si\u0119 bo widz\u0119 jak b. pomog\u0142a p. Ewa mojej kole\u017cance. Jestem pod ogromnym wra\u017ceniem diagnostyki przeprowadzonej przez p. Ew\u0119 jej dost\u0119pno\u015bci dla mnie zawsze gdy tego potrzebuj\u0119 jej serdeczno\u015bci a czasem twardego s\u0142owa gdy by\u0142a potrzeba\u2026Jestem w drodze do innego lepszego \u017cycia i mam nadziej\u0119 \u017ce pomo\u017ce mi to w mojej chorobie. Nie chc\u0119 wraca\u0107 ci\u0105gle do szpitala oni nie maj\u0105 dla mnie NIC \u017ceby mi pom\u00f3c, wr\u0119cz odwrotnie-niszcz\u0105 i zostawiaj\u0105 samej sobie z roz\u0142o\u017conymi r\u0119kami\u2026Musz\u0119 da\u0107 rad\u0119 sama i razem z p. Ew\u0105<\/p>\n<p>[\/et_pb_testimonial][\/et_pb_column][et_pb_column type=&#8221;1_3&#8243; _builder_version=&#8221;4.16&#8243; custom_padding=&#8221;|||&#8221; global_colors_info=&#8221;{}&#8221; custom_padding__hover=&#8221;|||&#8221;][et_pb_testimonial author=&#8221;Joanna&#8221; _builder_version=&#8221;4.16&#8243; child_mix_blend_mode=&#8221;darken&#8221; border_style_all_portrait=&#8221;dashed&#8221; global_colors_info=&#8221;{}&#8221;]<\/p>\n<p>Jeden z najlepszych wywiad\u00f3w o leczeniu holistycznym. Konkrety zamiast mydlenia oczu jak\u0105\u015b pojedyncz\u0105, jedyn\u0105 i s\u0142uszn\u0105 metod\u0105 czy diet\u0105 skuteczn\u0105 dla ka\u017cdego, bo takich nie ma. Dzi\u0119ki Alex i je\u015bli b\u0119dzie okazja \u2013 zapro\u015b pani\u0105 Ew\u0119 na kolejny wywiad, na pewno ma jeszcze wiele do przekazania.<\/p>\n<p>[\/et_pb_testimonial][et_pb_testimonial author=&#8221;Danuta&#8221; _builder_version=&#8221;4.16&#8243; child_mix_blend_mode=&#8221;darken&#8221; border_style_all_portrait=&#8221;dashed&#8221; global_colors_info=&#8221;{}&#8221;]<\/p>\n<p>Bardzo dzi\u0119kuj\u0119 za wspania\u0142y wyk\u0142ad,ciesz\u0119 si\u0119,\u017ce coraz wi\u0119cej ludzi ze \u015bwiata medycyny g\u0142o\u015bno m\u00f3wi o k\u0142amstwach i zafa\u0142szowanych wynikach i jest w stanie poradzi\u0107 ludziom co mog\u0105 zrobi\u0107 aby sobie pom\u00f3c.<\/p>\n<p>[\/et_pb_testimonial][et_pb_testimonial author=&#8221;Ewa&#8221; _builder_version=&#8221;4.16&#8243; child_mix_blend_mode=&#8221;darken&#8221; border_style_all_portrait=&#8221;dashed&#8221; global_colors_info=&#8221;{}&#8221;]<\/p>\n<p>Znam Ew\u0119 juz du\u017co lat. Kiedy\u015b przyjecha\u0142a do Londynu i trafi\u0142a do mojego biura.<br \/> Ona si\u0119 nie zatrzymuje w tym co robi. Potrafi przekaza\u0107 wiedze na r\u00f3\u017cne sposoby. Ka\u017cdego traktuje indywidualnie. Ewa wierzy w to co robi, bo robi to bardzo dobrze i s\u0105 tego efekty. Po spotkaniu i badaniu mojego syna Artura odmieni\u0142a jego spos\u00f3b od\u017cywiania. Artur jest teraz innym cz\u0142owiekiem -zdrowym. Uwierzy\u0142 w Ew\u0119 i zastosowa\u0142 si\u0119 do jej zalece\u0144. Zrozumia\u0142 co jest \u2013 Candida. Czuje si\u0119 teraz o wiele lepiej. Tak &#8211; uwierzy\u0107 w Ew\u0119 to polowa sukcesu a zastosowa\u0107 si\u0119 do jej zalece\u0144 to pe\u0142ny sukces. Ewa jest bardzo zaanga\u017cowana w tym co robi. To jest wielka sztuka i niespotykana w tym biznesowym stylu \u017cycia jaki teraz mamy. Ewa leczy tez s\u0142owem cieplutkim p\u0142yn\u0105cym prosto z serca. Ewuniu KOCHAMY CIE. Dzi\u0119kujemy Ci za ogrom Twojego zaanga\u017cowania i po\u015bwiecenia w swojej pracy. \u017byczymy Ci wytrwa\u0142o\u015bci, du\u017co zdrowia i si\u0142 oraz czasem dobrego odpoczynku. Ewa ma wspania\u0142ego m\u0119\u017ca i rodzin\u0119, dzi\u0119ki temu te\u017c mo\u017ce realizowa\u0107 swoj\u0105 prace i pomoc innym. Dobra Rodzina w \u017cyciu jest najwa\u017cniejsza Ju\u017c nie mog\u0119 si\u0119 doczeka\u0107 kiedy si\u0119 zobaczymy<\/p>\n<p>[\/et_pb_testimonial][\/et_pb_column][et_pb_column type=&#8221;1_3&#8243; _builder_version=&#8221;4.16&#8243; custom_padding=&#8221;|||&#8221; global_colors_info=&#8221;{}&#8221; custom_padding__hover=&#8221;|||&#8221;][et_pb_testimonial author=&#8221;Renata&#8221; _builder_version=&#8221;4.16&#8243; child_mix_blend_mode=&#8221;darken&#8221; border_style_all_portrait=&#8221;dashed&#8221; global_colors_info=&#8221;{}&#8221;]<\/p>\n<p>Bardzo interesuj\u0105cy wywiad! \u00a0Jestem z pani\u0105 Ewa ju\u017c ponad 10 lat. To dzi\u0119ki jej m\u0105dro\u015bci i jej metodom jestem zdrowa. Lekarze nie umieli mi pomoc , nie byli zainteresowani leczeniem gdy czu\u0142am si\u0119 bardzo \u017ale. By\u0142am za\u0142amana i powiedzia\u0142am kt\u00f3rego\u015b wieczoru( BO\u017bE POM\u00d3\u017b) i pom\u00f3g\u0142! Spotka\u0142am na swojej drodze Ew\u0119 Szcz\u0119sny- Skoczen. Dzi\u0119ki Niej zacz\u0119\u0142am si\u0119 uczy\u0107 siebie. Dzisiaj razem pracujemy i pomagamy innym ch\u0119tnym ludziom. Dzi\u0119kuje Ewuniu:) Dzi\u0119kuje Alex za Twoja prace:) Uwielbiam ogl\u0105da\u0107 Twoje filmiki:)<\/p>\n<p>[\/et_pb_testimonial][et_pb_testimonial author=&#8221;Danuta W&#8221; _builder_version=&#8221;4.16&#8243; child_mix_blend_mode=&#8221;darken&#8221; border_style_all_portrait=&#8221;dashed&#8221; global_colors_info=&#8221;{}&#8221;]<\/p>\n<p>Uwa\u017cam, \u017ce Pani Ewa zawar\u0142a wszystko to co ka\u017cdy MUSI wiedzie\u0107, a je\u017celi kto\u015b zacznie\u201a wiedzie\u0107\u2019 b\u0119dzie szuka\u0142 dalej, bo ka\u017cdy cz\u0142owiek jest inny i idzie swoja w\u0142asna \u015bcie\u017ck\u0105, wiele ludzi nie zna \u201eswej \u015bcie\u017cki\u201d \u2013 b\u0142\u0105dzi. Uwa\u017cam ze Pani Ewa ludziom otwiera \u201abramki\u2019 do ich \u015bcie\u017cek. Wiele, wiele lat temu, to w\u0142a\u015bnie Pani Ewa otworzy\u0142a bramk\u0119 do mojej \u015bcie\u017cki \u017cycia. Dzi\u0119kuj\u0119.<\/p>\n<p>[\/et_pb_testimonial][et_pb_testimonial author=&#8221;Agata &#8221; _builder_version=&#8221;4.16&#8243; child_mix_blend_mode=&#8221;darken&#8221; border_style_all_portrait=&#8221;dashed&#8221; global_colors_info=&#8221;{}&#8221;]<\/p>\n<p>Bardzo ciekawy wywiad. Zosta\u0142o poruszonych du\u017co interesuj\u0105cych temat\u00f3w, o kt\u00f3rych mo\u017cna by by\u0142o m\u00f3wi\u0107 godzinami. Wiedza Pani Ewy jest ogromna, bardzo si\u0119 ciesz\u0119, \u017ce trafi\u0142am do jej gabinetu. Dzi\u0119ki Jej pomocy w ko\u0144cu czuj\u0119 si\u0119 lepiej i mog\u0119 normalnie funkcjonowa\u0107.<\/p>\n<p>[\/et_pb_testimonial][et_pb_testimonial author=&#8221;Marcin&#8221; _builder_version=&#8221;4.16&#8243; child_mix_blend_mode=&#8221;darken&#8221; border_style_all_portrait=&#8221;dashed&#8221; global_colors_info=&#8221;{}&#8221;]<\/p>\n<p>Ta kobieta to zbawienie dla Europy, a\u017c boje si\u0119 pomy\u015ble\u0107 jak B\u0119d\u0105 wygl\u0105da\u0107 i \u017cy\u0107 nasi wnukowie jak nie zaczniemy od\u017cywia\u0107 si\u0119 odpowiednio i zdrowo..<\/p>\n<p>[\/et_pb_testimonial][\/et_pb_column][\/et_pb_row][\/et_pb_section]<\/p>\n","protected":false},"excerpt":{"rendered":"<p>Ewa Skocze\u0144 &#8211; Szcz\u0119sny\u00a0 Analityk klinicysta, lekarz medycyny chi\u0144skiej\u00a0 z ponad 25 letnim do\u015bwiadczeniem, specjalizuj\u0105ca si\u0119 w medycynie naturalnej oraz\u00a0kompleksowych badaniach stanu zdrowia.W\u0105tki wywiadu: wyj\u015bcie z choroby szkodliwo\u015b\u0107 medycyny farmakologicznej chemioterapia nie jest dla chemio-terapeut\u00f3w czy takie us\u0142ugi powinny by\u0107 bezp\u0142atne diagnostyka kiedy\u015b, a obecnie choroba na poziomie kom\u00f3rkowym organizm oczyszcza si\u0119 z antybiotyk\u00f3w 23 [&hellip;]<\/p>\n","protected":false},"author":1,"featured_media":0,"parent":0,"menu_order":0,"comment_status":"closed","ping_status":"closed","template":"","meta":{"_et_pb_use_builder":"on","_et_pb_old_content":"<!-- wp:divi\/placeholder \/-->","_et_gb_content_width":"","footnotes":""},"class_list":["post-171","page","type-page","status-publish","hentry"],"_links":{"self":[{"href":"https:\/\/drogadozdrowia.co.uk\/index.php\/wp-json\/wp\/v2\/pages\/171","targetHints":{"allow":["GET"]}}],"collection":[{"href":"https:\/\/drogadozdrowia.co.uk\/index.php\/wp-json\/wp\/v2\/pages"}],"about":[{"href":"https:\/\/drogadozdrowia.co.uk\/index.php\/wp-json\/wp\/v2\/types\/page"}],"author":[{"embeddable":true,"href":"https:\/\/drogadozdrowia.co.uk\/index.php\/wp-json\/wp\/v2\/users\/1"}],"replies":[{"embeddable":true,"href":"https:\/\/drogadozdrowia.co.uk\/index.php\/wp-json\/wp\/v2\/comments?post=171"}],"version-history":[{"count":27,"href":"https:\/\/drogadozdrowia.co.uk\/index.php\/wp-json\/wp\/v2\/pages\/171\/revisions"}],"predecessor-version":[{"id":549,"href":"https:\/\/drogadozdrowia.co.uk\/index.php\/wp-json\/wp\/v2\/pages\/171\/revisions\/549"}],"wp:attachment":[{"href":"https:\/\/drogadozdrowia.co.uk\/index.php\/wp-json\/wp\/v2\/media?parent=171"}],"curies":[{"name":"wp","href":"https:\/\/api.w.org\/{rel}","templated":true}]}}