{"id":152,"date":"2019-06-09T13:18:27","date_gmt":"2019-06-09T13:18:27","guid":{"rendered":"http:\/\/drogadozdrowia.co.uk\/?page_id=152"},"modified":"2019-06-13T12:18:24","modified_gmt":"2019-06-13T12:18:24","slug":"aparat-bioplasm","status":"publish","type":"page","link":"https:\/\/drogadozdrowia.co.uk\/index.php\/aparat-bioplasm\/","title":{"rendered":"Aparat Bioplasm"},"content":{"rendered":"<p>[et_pb_section fb_built=&#8221;1&#8243; fullwidth=&#8221;on&#8221; _builder_version=&#8221;3.21.4&#8243; custom_padding=&#8221;0|0px|0|0px|false|false&#8221; bottom_divider_flip=&#8221;horizontal&#8221; animation_direction=&#8221;top&#8221;][et_pb_fullwidth_header text_orientation=&#8221;center&#8221; background_overlay_color=&#8221;rgba(52,81,104,0.8)&#8221; _builder_version=&#8221;3.21.4&#8243; title_font=&#8221;Lato|700|||||||&#8221; title_font_size=&#8221;46px&#8221; title_font_size_tablet=&#8221;36px&#8221; title_font_size_last_edited=&#8221;on|phone&#8221; title_line_height=&#8221;1.5em&#8221; content_font=&#8221;Lato||||||||&#8221; content_font_size=&#8221;20px&#8221; content_line_height=&#8221;1.8em&#8221; subhead_font=&#8221;Lato|700|||||||&#8221; subhead_font_size=&#8221;25px&#8221; subhead_line_height=&#8221;1.5em&#8221; background_color=&#8221;#afafaf&#8221; background_image=&#8221;http:\/\/drogadozdrowia.co.uk\/wp-content\/uploads\/2019\/06\/4.jpg&#8221; background_size=&#8221;contain&#8221; background_position=&#8221;top_center&#8221; background_blend=&#8221;hard-light&#8221; custom_margin=&#8221;|||&#8221; custom_padding=&#8221;5vw||150px||false&#8221; animation_style=&#8221;slide&#8221; animation_direction=&#8221;top&#8221; animation_intensity_slide=&#8221;2%&#8221; button_one_text_size__hover_enabled=&#8221;off&#8221; button_two_text_size__hover_enabled=&#8221;off&#8221; button_one_text_color__hover_enabled=&#8221;off&#8221; button_two_text_color__hover_enabled=&#8221;off&#8221; button_one_border_width__hover_enabled=&#8221;off&#8221; button_two_border_width__hover_enabled=&#8221;off&#8221; button_one_border_color__hover_enabled=&#8221;off&#8221; button_two_border_color__hover_enabled=&#8221;off&#8221; button_one_border_radius__hover_enabled=&#8221;off&#8221; button_two_border_radius__hover_enabled=&#8221;off&#8221; button_one_letter_spacing__hover_enabled=&#8221;off&#8221; button_two_letter_spacing__hover_enabled=&#8221;off&#8221; button_one_bg_color__hover_enabled=&#8221;off&#8221; button_two_bg_color__hover_enabled=&#8221;off&#8221;][\/et_pb_fullwidth_header][\/et_pb_section][et_pb_section fb_built=&#8221;1&#8243; next_background_color=&#8221;#ffffff&#8221; admin_label=&#8221;Services&#8221; _builder_version=&#8221;3.6&#8243; background_color=&#8221;#ffd088&#8243; custom_padding=&#8221;0|0px|0|0px|true|false&#8221; bottom_divider_style=&#8221;slant&#8221; bottom_divider_flip=&#8221;horizontal&#8221; bottom_divider_arrangement=&#8221;above_content&#8221; locked=&#8221;off&#8221;][et_pb_row make_fullwidth=&#8221;on&#8221; use_custom_gutter=&#8221;on&#8221; gutter_width=&#8221;1&#8243; custom_padding=&#8221;0|0px|0|0px|false|false&#8221; custom_margin=&#8221;|||&#8221; make_equal=&#8221;on&#8221; background_color_1=&#8221;#c4cace&#8221; background_color_2=&#8221;#cbd0d6&#8243; background_color_3=&#8221;#d0d6db&#8221; background_color_4=&#8221;#d9dfe4&#8243; padding_top_bottom_link_1=&#8221;false&#8221; padding_top_bottom_link_2=&#8221;false&#8221; padding_top_bottom_link_3=&#8221;false&#8221; padding_top_bottom_link_4=&#8221;false&#8221; padding_left_right_link_1=&#8221;true&#8221; padding_left_right_link_2=&#8221;true&#8221; padding_left_right_link_3=&#8221;true&#8221; padding_left_right_link_4=&#8221;true&#8221; use_background_color_gradient_1=&#8221;on&#8221; use_background_color_gradient_2=&#8221;on&#8221; use_background_color_gradient_3=&#8221;on&#8221; use_background_color_gradient_4=&#8221;on&#8221; background_color_gradient_start_1=&#8221;#ffd088&#8243; background_color_gradient_start_2=&#8221;#ffd088&#8243; background_color_gradient_start_3=&#8221;#ffd088&#8243; background_color_gradient_start_4=&#8221;#ffd088&#8243; background_color_gradient_end_1=&#8221;#ffb356&#8243; background_color_gradient_end_2=&#8221;#ffbe6b&#8221; background_color_gradient_end_3=&#8221;#ffc882&#8243; background_color_gradient_end_4=&#8221;#ffd6a0&#8243; background_color_gradient_start_position_1=&#8221;0%&#8221; background_color_gradient_start_position_2=&#8221;0%&#8221; background_color_gradient_start_position_3=&#8221;0%&#8221; background_color_gradient_start_position_4=&#8221;0%&#8221; background_color_gradient_end_position_1=&#8221;70%&#8221; background_color_gradient_end_position_2=&#8221;70%&#8221; background_color_gradient_end_position_3=&#8221;70%&#8221; background_color_gradient_end_position_4=&#8221;70%&#8221; padding_top_1=&#8221;80px&#8221; padding_top_2=&#8221;70px&#8221; padding_top_3=&#8221;60px&#8221; padding_top_4=&#8221;50px&#8221; padding_right_1=&#8221;40px&#8221; padding_right_2=&#8221;40px&#8221; padding_right_3=&#8221;40px&#8221; padding_right_4=&#8221;40px&#8221; padding_bottom_1=&#8221;150px&#8221; padding_bottom_2=&#8221;150px&#8221; padding_bottom_3=&#8221;150px&#8221; padding_bottom_4=&#8221;150px&#8221; padding_left_1=&#8221;40px&#8221; padding_left_2=&#8221;40px&#8221; padding_left_3=&#8221;40px&#8221; padding_left_4=&#8221;40px&#8221; padding_1_tablet=&#8221;20px||60px|&#8221; padding_2_tablet=&#8221;20px||60px|&#8221; padding_3_tablet=&#8221;60px|||&#8221; padding_4_tablet=&#8221;60px|||&#8221; padding_1_phone=&#8221;60px||60px||true&#8221; padding_2_phone=&#8221;60px||60px||true&#8221; padding_3_phone=&#8221;60px||60px||true&#8221; padding_4_phone=&#8221;60px|||&#8221; padding_1_last_edited=&#8221;on|phone&#8221; padding_2_last_edited=&#8221;on|phone&#8221; padding_3_last_edited=&#8221;on|phone&#8221; padding_4_last_edited=&#8221;on|phone&#8221; _builder_version=&#8221;3.6&#8243;][et_pb_column type=&#8221;1_4&#8243; _builder_version=&#8221;3.6&#8243;][et_pb_image src=&#8221;http:\/\/drogadozdrowia.co.uk\/wp-content\/uploads\/2019\/06\/Pani-Ewa.gif&#8221; _builder_version=&#8221;3.21.4&#8243; box_shadow_style=&#8221;preset4&#8243;][\/et_pb_image][\/et_pb_column][et_pb_column type=&#8221;1_4&#8243; _builder_version=&#8221;3.6&#8243;][et_pb_image src=&#8221;http:\/\/drogadozdrowia.co.uk\/wp-content\/uploads\/2019\/06\/6.jpg&#8221; _builder_version=&#8221;3.21.4&#8243; box_shadow_style=&#8221;preset4&#8243; custom_margin=&#8221;10px||&#8221;][\/et_pb_image][\/et_pb_column][et_pb_column type=&#8221;1_4&#8243; _builder_version=&#8221;3.6&#8243;][et_pb_image src=&#8221;http:\/\/drogadozdrowia.co.uk\/wp-content\/uploads\/2019\/06\/5.jpg&#8221; _builder_version=&#8221;3.21.4&#8243; box_shadow_style=&#8221;preset4&#8243; custom_margin=&#8221;40px||&#8221;][\/et_pb_image][\/et_pb_column][et_pb_column type=&#8221;1_4&#8243; _builder_version=&#8221;3.6&#8243;][et_pb_image src=&#8221;http:\/\/drogadozdrowia.co.uk\/wp-content\/uploads\/2019\/06\/3.jpg&#8221; _builder_version=&#8221;3.21.4&#8243; box_shadow_style=&#8221;preset4&#8243; custom_margin=&#8221;48px||&#8221;][\/et_pb_image][\/et_pb_column][\/et_pb_row][\/et_pb_section][et_pb_section fb_built=&#8221;1&#8243; admin_label=&#8221;What Is Coaching?&#8221; _builder_version=&#8221;3.6&#8243; custom_padding=&#8221;6px|0px|0|0px|false|false&#8221; locked=&#8221;off&#8221;][et_pb_row _builder_version=&#8221;3.21.4&#8243;][et_pb_column type=&#8221;4_4&#8243; _builder_version=&#8221;3.21.4&#8243;][et_pb_text _builder_version=&#8221;3.21.4&#8243;]<\/p>\n<p>W obecnych czasach nauka i spo\u0142ecze\u0144stwo stoj\u0105 przed nadmiarem informacji. Ka\u017cdego dnia pojawiaj\u0105 si\u0119 du\u017ce i ma\u0142e odkrycia, co roku wprowadzanych jest na rynek \u00a0dziesi\u0105tki nowych urz\u0105dze\u0144. To zapewne dobre dla rozwoju diagnozy medycznej stosowanej przez urz\u0105dzenia, jednak cz\u0142owiek zaczyna ton\u0105\u0107 w tym morzu informacji, trac\u0105c obraz ca\u0142o\u015bci<\/p>\n<p>Jeszcze wiek temu lekarz do w\u0142a\u015bciwej diagnozy wykorzystywa\u0142 do\u015bwiadczenia tysi\u0119cy lat obserwacji medycznej (np. medycyna chi\u0144ska). Dzi\u015b wymaga to licznych i kosztownych bada\u0144 i analiz laboratoryjnych.<\/p>\n<p><strong>Co dzi\u015b mo\u017ce pom\u00f3c lekarzowi w ustaleniu prawid\u0142owej diagnozy? <\/strong><\/p>\n<p>Teoretyczne i eksperymentalne prace, kt\u00f3re umo\u017cliwi\u0142y rozw\u00f3j produkt\u00f3w bioplazmowych &#8211; NLS, zosta\u0142o zainicjowane pod koniec\u00a0 XIX \u00a0wieku przez geniusza elektroniki Nikola Tesla. Nast\u0119pnie kontynuowa\u0142 j\u0105 George Lakhovsky, naukowiec, kt\u00f3ry bada\u0142 wp\u0142yw fal radiowych na zdrowie zwierz\u0105t i stan ro\u015blin, a p\u00f3\u017aniej \u00a0Ameryka\u0144ski badacz R. Rife, kt\u00f3ry zbada\u0142 wp\u0142yw ludzkiego cia\u0142a nie tylko na radio, ale na elektro-cz\u0119stotliwo\u015b\u0107.<\/p>\n<p>W 1950 roku R. Voll w Rosji odkry\u0142 i opracowa\u0142 system elektrycznego testowania punkt\u00f3w akupunktury organizmu ludzkiego. Metoda Voll&#8217;a by\u0142a pierwsz\u0105 metod\u0105 sprz\u0119tow\u0105 badania stanu energetycznego organizmu. W ramach tej metody dokonuje si\u0119 testowania wsp\u00f3\u0142czynnik\u00f3w przewodnictwa elektromagnetycznego w punktach ko\u0144cowych meridian\u00f3w akupunktury u osoby u\u017cywaj\u0105cej specjalnej sondy. Wyniki bada\u0144 (w formie wska\u017anik\u00f3w cyfrowych lub graficznych) mog\u0105 wskazywa\u0107 obecno\u015b\u0107 patologii zapalnej, dystroficznej lub atroficznej w odpowiednich organach. Status poszczeg\u00f3lnych organ\u00f3w zale\u017cy od konfiguracji ich pola biologicznego.<\/p>\n<p>Metoda diagnostyczna NLS umo\u017cliwia ocen\u0119 indywidualnego stanu bioenergii poszczeg\u00f3lnych organ\u00f3w. Wyniki mo\u017cna uzyska\u0107 w postaci obraz\u00f3w wizualnych z topografi\u0105 obszaru dotkni\u0119tego chorob\u0105, a tak\u017ce cechy graficzne, kt\u00f3re pozwalaj\u0105 nam analizowa\u0107 uszkodzenia tkanki cia\u0142a, pozwalaj\u0105c dok\u0142adniej okre\u015bli\u0107 nie tylko rodzaj urazu (zapalenie lub zniszczenie) ale tak\u017ce wyja\u015bnienie diagnozy. Badanie jest prowadzone przez rezonansow\u0105 amplifikacj\u0119 promieniowania do badanego narz\u0105du, a nast\u0119pnie odzyskanie materia\u0142u dowodowego metod\u0105 bezkontaktow\u0105 za pomoc\u0105 czujnik\u00f3w wyzwalania.<\/p>\n<p>Pierwsza wersja nielinearnego urz\u0105dzenia do analizy mia\u0142a tylko r\u0119czne wprowadzanie informacji, tj. lekarz by\u0142 aktywnie zaanga\u017cowany w diagnostyk\u0119 pacjenta, dzi\u0119ki wykorzystaniu drga\u0144 o niskiej cz\u0119stotliwo\u015bci zbli\u017conych do rytmu theta m\u00f3zgu. Wyniki rejestrowano z odchyleniem ramki w kszta\u0142cie litery L trzymanej przez lekarza-operatora na specjalnej skali Flandrii.<\/p>\n<p>Doprowadzi\u0142o to do opracowania i stworzenia tak zwanego czujnika wyzwalania, zapewniaj\u0105cego automatyczne wprowadzanie informacji o stanie zdrowia pacjenta w komputerze.<\/p>\n<p>Po raz pierwszy w eksperymentach V.N. zarejestrowano dalekie oddzia\u0142ywanie obiekt\u00f3w o \u017cywym i nieo\u017cywionym charakterze, czyli transferem impuls\u00f3w danych od cz\u0142owieka do maszyny. \u00a0Kravkov w latach dwudziestych poprzedniego stulecia. Pod kierunkiem prof. V.Togatova bada\u0142 reakcje r\u00f3\u017cnych struktur p\u00f3\u0142przewodnikowych na wp\u0142yw bioakumulator\u00f3w. Zosta\u0142o udowodnione eksperymentalnie, \u017ce ludzki m\u00f3zg bez pomocy podpi\u0119\u0107 bezpo\u015brednich mo\u017ce mie\u0107 wp\u0142yw na wra\u017cliwe urz\u0105dzenie czujnikowe.<\/p>\n<p>Znajduje to odzwierciedlenie w tym, \u017ce ludzki m\u00f3zg otrzymuje sygna\u0142 o konieczno\u015bci sprawdzenia (testowania) w\u0142a\u015bciwego narz\u0105du. Sygna\u0142 jest podawany na ekran monitora, a tak\u017ce na s\u0142uchawki w szeregu fal elektromagnetycznych w\u0142a\u015bciwych dla zdrowego cia\u0142a. Jest to mo\u017cliwe, poniewa\u017c ka\u017cdy organ i ka\u017cda kom\u00f3rka ludzkiego cia\u0142a ma w\u0142asne spektrum fal elektromagnetycznych.<\/p>\n<p>W odpowiedzi na zapytanie przes\u0142ane przez komputer, m\u00f3zg podaje odpowied\u017a, kt\u00f3ra jest odbierana przez czujniki wyzwalania w s\u0142uchawkach. W modelu urz\u0105dzenia &#8220;Bioplasm-NLS&#8221; posiada \u00a0cyfrowy czujnik wyzwalania, symulowany bezpo\u015brednio w mikroprocesorze g\u0142\u00f3wnego urz\u0105dzenia za pomoc\u0105 oprogramowania komputerowego i analogowego czujnika wyzwalania g\u0142\u00f3wnego urz\u0105dzenia badawczego &#8211; tranzystora pn, co zwi\u0119ksza niezawodno\u015b\u0107 badania i prowadzi do w\u0142a\u015bciwej diagnozy przez lekarza.<\/p>\n<p>&nbsp;<\/p>\n<p>[\/et_pb_text][\/et_pb_column][\/et_pb_row][\/et_pb_section]<\/p>\n","protected":false},"excerpt":{"rendered":"<p>W obecnych czasach nauka i spo\u0142ecze\u0144stwo stoj\u0105 przed nadmiarem informacji. Ka\u017cdego dnia pojawiaj\u0105 si\u0119 du\u017ce i ma\u0142e odkrycia, co roku wprowadzanych jest na rynek \u00a0dziesi\u0105tki nowych urz\u0105dze\u0144. To zapewne dobre dla rozwoju diagnozy medycznej stosowanej przez urz\u0105dzenia, jednak cz\u0142owiek zaczyna ton\u0105\u0107 w tym morzu informacji, trac\u0105c obraz ca\u0142o\u015bci Jeszcze wiek temu lekarz do w\u0142a\u015bciwej diagnozy [&hellip;]<\/p>\n","protected":false},"author":1,"featured_media":0,"parent":0,"menu_order":0,"comment_status":"closed","ping_status":"closed","template":"","meta":{"_et_pb_use_builder":"on","_et_pb_old_content":"<!-- wp:divi\/placeholder \/-->","_et_gb_content_width":"","footnotes":""},"class_list":["post-152","page","type-page","status-publish","hentry"],"_links":{"self":[{"href":"https:\/\/drogadozdrowia.co.uk\/index.php\/wp-json\/wp\/v2\/pages\/152","targetHints":{"allow":["GET"]}}],"collection":[{"href":"https:\/\/drogadozdrowia.co.uk\/index.php\/wp-json\/wp\/v2\/pages"}],"about":[{"href":"https:\/\/drogadozdrowia.co.uk\/index.php\/wp-json\/wp\/v2\/types\/page"}],"author":[{"embeddable":true,"href":"https:\/\/drogadozdrowia.co.uk\/index.php\/wp-json\/wp\/v2\/users\/1"}],"replies":[{"embeddable":true,"href":"https:\/\/drogadozdrowia.co.uk\/index.php\/wp-json\/wp\/v2\/comments?post=152"}],"version-history":[{"count":9,"href":"https:\/\/drogadozdrowia.co.uk\/index.php\/wp-json\/wp\/v2\/pages\/152\/revisions"}],"predecessor-version":[{"id":251,"href":"https:\/\/drogadozdrowia.co.uk\/index.php\/wp-json\/wp\/v2\/pages\/152\/revisions\/251"}],"wp:attachment":[{"href":"https:\/\/drogadozdrowia.co.uk\/index.php\/wp-json\/wp\/v2\/media?parent=152"}],"curies":[{"name":"wp","href":"https:\/\/api.w.org\/{rel}","templated":true}]}}